{"id":2139,"date":"2021-10-29T16:59:01","date_gmt":"2021-10-29T13:59:01","guid":{"rendered":"http:\/\/localhost:81\/salsanama\/?page_id=2139"},"modified":"2023-10-07T14:55:59","modified_gmt":"2023-10-07T11:55:59","slug":"yarisma-kurallari","status":"publish","type":"page","link":"https:\/\/salsanamaturkey.com\/?page_id=2139","title":{"rendered":"Yar\u0131\u015fma Kurallar\u0131"},"content":{"rendered":"\t\t<div data-elementor-type=\"wp-post\" data-elementor-id=\"2139\" class=\"elementor elementor-2139\">\n\t\t\t\t\t\t<section class=\"elementor-section elementor-top-section elementor-element elementor-element-8a70b93 elementor-section-boxed elementor-section-height-default elementor-section-height-default\" data-id=\"8a70b93\" data-element_type=\"section\">\n\t\t\t\t\t\t<div class=\"elementor-container elementor-column-gap-default\">\n\t\t\t\t\t<div class=\"elementor-column elementor-col-100 elementor-top-column elementor-element elementor-element-0ed61d3\" data-id=\"0ed61d3\" data-element_type=\"column\">\n\t\t\t<div class=\"elementor-widget-wrap elementor-element-populated\">\n\t\t\t\t\t\t<section class=\"elementor-section elementor-inner-section elementor-element elementor-element-49fb0d2 elementor-section-boxed elementor-section-height-default elementor-section-height-default\" data-id=\"49fb0d2\" data-element_type=\"section\">\n\t\t\t\t\t\t<div class=\"elementor-container elementor-column-gap-default\">\n\t\t\t\t\t<div class=\"elementor-column elementor-col-100 elementor-inner-column elementor-element elementor-element-692e3c2\" data-id=\"692e3c2\" data-element_type=\"column\">\n\t\t\t<div class=\"elementor-widget-wrap elementor-element-populated\">\n\t\t\t\t\t\t<div class=\"elementor-element elementor-element-921983e elementor-widget elementor-widget-text-editor\" data-id=\"921983e\" data-element_type=\"widget\" data-settings=\"{&quot;ekit_we_effect_on&quot;:&quot;none&quot;}\" data-widget_type=\"text-editor.default\">\n\t\t\t\t\t\t\t\t\t<ol><li>Bu sistem playoff dahil t\u00fcm kategoriler i\u00e7in ge\u00e7erlidir.<\/li><li>Yar\u0131\u015fmac\u0131lar 1 vs 1 olarak solo do\u011fa\u00e7lama performans sergileyeceklerdir.<\/li><li>Performans g\u00f6sterecekleri \u015fark\u0131 kura ile belirlenecektir.<\/li><li>Her yar\u0131\u015fmac\u0131 iki kez 40 saniye olarak yar\u0131\u015facaklard\u0131r.<\/li><li>Kurada ismi ilk \u00e7\u0131kan yar\u0131\u015fmac\u0131 ba\u015flang\u0131\u00e7 performans\u0131n\u0131 sergileyecektir.<\/li><li>Karayip danslar\u0131n\u0131n tamam\u0131 (Rumba, Afro, Pachanga, Reggaeton vs) kullan\u0131labilir.<\/li><li>Akrobatik hareketlerin kullan\u0131m\u0131 serbesttir ancak m\u00fczikle ve do\u011fru teknikle uygulanmas\u0131, de\u011ferlendirme a\u00e7\u0131s\u0131ndan \u00f6nem arz etmektedir. Rastgele, m\u00fczikten ba\u011f\u0131ms\u0131z ve tekni\u011fe ayk\u0131r\u0131 uygulanan akrobasiler de\u011ferlendirmede bir avantaj sa\u011flamayacak olup, yar\u0131\u015fman\u0131n ana prensibi olan \u201d %100 Salsa \u201d tan\u0131m\u0131na ayk\u0131r\u0131 gelmektedir.<\/li><li>Se\u00e7ilen \u015fark\u0131 \u00e7e\u015fitli salsa tarzlar\u0131ndan gelecektir. \u00d6rnek olarak, bir timba \u015fark\u0131s\u0131na LA stili veya tam tersine uygulanabilir. Bu kural; kat\u0131l\u0131mc\u0131lar\u0131n do\u011fa\u00e7lamas\u0131na en fazla \u00f6zg\u00fcrl\u00fc\u011f\u00fc sa\u011flamak i\u00e7in ge\u00e7erlidir.<\/li><li>Bayan dans\u00e7\u0131lar topuklu ayakkab\u0131 ile dans etmek zorundad\u0131r. (A Mi Manera kategorisi hari\u00e7.)<\/li><li>Hakem de\u011ferlendirmesinde \u00f6nem arz eden kriterler:<br \/>\u00a0 \u00a0 \u00a0 \u00a0&#8211; %100 Salsa<br \/>\u00a0 \u00a0 \u00a0 \u00a0&#8211; M\u00fczikalite<br \/>\u00a0 \u00a0 \u00a0 \u00a0&#8211; Ritim ve Zamanlama<br \/>\u00a0 \u00a0 \u00a0 \u00a0&#8211; Dans Tekni\u011fi<\/li><li>Dans\u00e7\u0131lar dans boyunca birbirlerine dokunamazlar. \u0130lk temasta; ihtar al\u0131rlar. Tekrarlanmas\u0131 durumunda diskalifiye edilirler.<\/li><li>Di\u011fer dans\u00e7\u0131 sahnedeyken kendi alan\u0131n\u0131zda kalmak zorunludur.<\/li><li>Di\u011fer dans\u00e7\u0131n\u0131n turu esnas\u0131nda dans etmek yasakt\u0131r.<\/li><li>Pro Erkek ve Pro Kad\u0131n kategorilerini kazanan dans\u00e7\u0131lar birer dakikal\u0131k salsa \u015fark\u0131s\u0131 getirmelidir. (par\u00e7aya kendileri karar verir ve bu \u015fark\u0131n\u0131n orijinal olmas\u0131, d\u00fczenleme yap\u0131lmamas\u0131 gerekir) B\u00fcy\u00fck Final i\u00e7in dans\u00e7\u0131 &#8220;A&#8221;, Dans\u00e7\u0131 &#8220;B&#8221;nin m\u00fczi\u011fiyle dans etmelidir ve dans\u00e7\u0131 B, dans\u00e7\u0131 A&#8217;n\u0131n salsa m\u00fczi\u011fiyle dans etmelidir. Sadece son 2 yar\u0131\u015fmac\u0131 olarak B\u00fcy\u00fck Finale kald\u0131\u011f\u0131nda kendi m\u00fcziklerinde dans edeceklerdir. \u015eark\u0131 ismi ve ba\u015flat\u0131laca\u011f\u0131 saniye B\u00dcY\u00dcK F\u0130NAL \u00f6ncesi DJ\u2019e teslim edilmelidir. E\u011fer yar\u0131\u015fmac\u0131 taraf\u0131ndan bir \u015fark\u0131 verilmez ise organizasyon m\u00fczik listesinden bir \u015fark\u0131y\u0131 kura ile se\u00e7ecektir.<\/li><li>B\u00dcY\u00dcK F\u0130NAL\u0130 kazanan yar\u0131\u015fmac\u0131 \u0130talya\u2019da d\u00fczenlenecek D\u00fcnya \u015eampiyonas\u0131\u2019nda \u00fclkemizi temsil etmek ad\u0131na; SALSANAMA TURKEY organizasyonu taraf\u0131ndan yol masraflar\u0131 kar\u015f\u0131lanacakt\u0131r.<\/li><\/ol>\t\t\t\t\t\t\t\t<\/div>\n\t\t\t\t\t<\/div>\n\t\t<\/div>\n\t\t\t\t\t<\/div>\n\t\t<\/section>\n\t\t\t\t<div class=\"elementor-element elementor-element-00afeaa elementor-widget elementor-widget-heading\" data-id=\"00afeaa\" data-element_type=\"widget\" data-settings=\"{&quot;ekit_we_effect_on&quot;:&quot;none&quot;}\" data-widget_type=\"heading.default\">\n\t\t\t\t\t<h5 class=\"elementor-heading-title elementor-size-default\">Tur ve E\u015fle\u015fme Sistemi<\/h5>\t\t\t\t<\/div>\n\t\t\t\t<div class=\"elementor-element elementor-element-c4c0344 elementor-widget elementor-widget-text-editor\" data-id=\"c4c0344\" data-element_type=\"widget\" data-settings=\"{&quot;ekit_we_effect_on&quot;:&quot;none&quot;}\" data-widget_type=\"text-editor.default\">\n\t\t\t\t\t\t\t\t\t<ol><li>T\u00fcm kat\u0131l\u0131mc\u0131lar farkl\u0131 sand\u0131klara b\u00f6l\u00fcnecektir (yar\u0131\u015fmac\u0131 say\u0131s\u0131na g\u00f6re).<\/li><li>E\u015fle\u015fmeler kura ile belirlenecektir. \u0130smi ilk okunan yar\u0131\u015fmac\u0131 ilk performans\u0131 sergileyecektir.<\/li><li>Her kategoride B\u00fcy\u00fck Final\u2019e kalan dans\u00e7\u0131lar, bir sonraki y\u0131l d\u00fczenlenecek SALSANAMA TURKEY yar\u0131\u015fmas\u0131na ikinci turdan do\u011frudan kat\u0131l\u0131m hakk\u0131na sahip olacaklard\u0131r.<\/li><li>Ak\u015fam yap\u0131lacak finallerde a\u015fa\u011f\u0131da belirtilen REPESAJ S\u0130STEM\u0130 uygulanacakt\u0131r.<\/li><\/ol><p>DO\u011eAL REPESAJ: Sand\u0131ktaki yar\u0131\u015fmac\u0131lar\u0131n tek say\u0131 olmas\u0131 veya kat\u0131l\u0131mc\u0131lardan birinin rakibi olmamas\u0131 durumunda, j\u00fcri \u00fcyeleri ayn\u0131 turdan elenen dans\u00e7\u0131lar aras\u0131ndan rakibi se\u00e7ecektir.<\/p><p>KATEGOR\u0130 F\u0130NAL: Her kategori i\u00e7in son ikiye kalan dans\u00e7\u0131lar i\u00e7in yap\u0131lan e\u015fle\u015fmedir.<\/p><p>GRAND FINAL: Pro kategorilerini kazanan dans\u00e7\u0131lar\u0131n yapt\u0131\u011f\u0131 <span style=\"font-family: var( --e-global-typography-text-font-family ), Sans-serif; font-weight: var( --e-global-typography-text-font-weight );\">SALSANAMA TURKEY \u015eampiyonunu belirleyecek son e\u015fle\u015fmedir.<\/span><\/p>\t\t\t\t\t\t\t\t<\/div>\n\t\t\t\t<div class=\"elementor-element elementor-element-59d28a0 elementor-widget elementor-widget-heading\" data-id=\"59d28a0\" data-element_type=\"widget\" data-settings=\"{&quot;ekit_we_effect_on&quot;:&quot;none&quot;}\" data-widget_type=\"heading.default\">\n\t\t\t\t\t<h5 class=\"elementor-heading-title elementor-size-default\">Yar\u0131\u015fma Kategorileri<\/h5>\t\t\t\t<\/div>\n\t\t\t\t<div class=\"elementor-element elementor-element-ee99067 elementor-widget elementor-widget-text-editor\" data-id=\"ee99067\" data-element_type=\"widget\" data-settings=\"{&quot;ekit_we_effect_on&quot;:&quot;none&quot;}\" data-widget_type=\"text-editor.default\">\n\t\t\t\t\t\t\t\t\t<p>Yar\u0131\u015fma kategorileri a\u015fa\u011f\u0131da listelendi\u011fi gibidir.<\/p><ul><li><span style=\"font-family: var( --e-global-typography-text-font-family ), Sans-serif; font-weight: var( --e-global-typography-text-font-weight );\">Gold Men\/Women<\/span><\/li><li>A Mi Manera Pro\/U15\/U13\/U10<\/li><li>Amateur Men\/Women<\/li><li>Amateur First Time Men\/Women<\/li><li>U17 Men\/Women<\/li><li>U13 First Time Men\/Women<\/li><li>U15 Men\/Women<\/li><li>U13 Men\/Women<\/li><li>U13 First Time Men\/Women<\/li><li>U10 First Time Men\/Women<\/li><li>U10 Men\/Women<\/li><li>U7 Men\/Women<\/li><li>35+ Men\/Women<\/li><\/ul><p>Not: Ya\u015f kategorilerinde sporcu say\u0131s\u0131 az olursa Erkek ve Bayan birle\u015ftirilmesi yap\u0131labilir. Ayr\u0131ca kat\u0131l\u0131mc\u0131 say\u0131s\u0131na g\u00f6re ya\u015f kategorileri de bir \u00fcst ile birle\u015ftirme yap\u0131labilir.<\/p><p>Bir dans\u00e7\u0131 birden fazla dans kategorisine, kategori \u00f6l\u00e7e\u011finde \u00fcst s\u0131ralara \u00e7\u0131karak kay\u0131t yapt\u0131rabilir. Yani bir Amat\u00f6r, Pro kategorisini deneyebilir ya da bir Pro, A Mi Manera kategorisinde yar\u0131\u015fabilir, ancak bir Profesyonel (kategori kat\u0131l\u0131m kriterlerine bkz.) Amat\u00f6r kategorisine giremez. Daha \u00f6nce amat\u00f6r kategorisini kazanm\u0131\u015f bir yar\u0131\u015fmac\u0131 tekrar bu kategoride yar\u0131\u015famaz. E\u011fitmenlik yapan dans\u00e7\u0131lar Amat\u00f6r kategorisinde yar\u0131\u015famazlar.<\/p><p><span style=\"font-weight: bolder;\">U7 Men\/Women (2016 ve \u00fczeri do\u011fumlular)<\/span><\/p><ul><li>7 ya\u015f ve alt\u0131 dans\u00e7\u0131lara izin verilir. 2023&#8217;de 8 ya\u015f\u0131na gireceklerse, dans\u00e7\u0131lar 10 ya\u015f alt\u0131 kategorisine ta\u015f\u0131nacakt\u0131r. G\u00fcn ve aya bak\u0131lmaks\u0131z\u0131n ya\u015f kategorilerine yerle\u015ftirilir. Ya\u015f, do\u011fum y\u0131l\u0131 ile ili\u015fkilidir.<\/li><li>Yar\u0131\u015fmac\u0131 say\u0131s\u0131na g\u00f6re dans\u00e7\u0131lar Erkek ve Bayan olarak ayr\u0131lacakt\u0131r.<\/li><li>Bayan dans\u00e7\u0131lar i\u00e7in topuklu dans ayakkab\u0131s\u0131 zorunludur.<\/li><li>Bu kategori i\u00e7in kimlik ibraz\u0131 zorunludur.<\/li><\/ul><p><strong>U10 Men\/Women (2013 ve \u00fczeri do\u011fumlular)<\/strong><\/p><ul><li>10 ya\u015f ve alt\u0131 dans\u00e7\u0131lara izin verilir. 2023&#8217;de 11 ya\u015f\u0131na gireceklerse, dans\u00e7\u0131lar 13 ya\u015f alt\u0131 kategorisine ta\u015f\u0131nacakt\u0131r. G\u00fcn ve aya bak\u0131lmaks\u0131z\u0131n ya\u015f kategorilerine yerle\u015ftirilir. Ya\u015f, do\u011fum y\u0131l\u0131 ile ili\u015fkilidir.<\/li><li>Yar\u0131\u015fmac\u0131 say\u0131s\u0131na g\u00f6re dans\u00e7\u0131lar Erkek ve Bayan olarak ayr\u0131lacakt\u0131r.<\/li><li>Bayan dans\u00e7\u0131lar i\u00e7in topuklu dans ayakkab\u0131s\u0131 zorunludur.<\/li><li>Bu kategori i\u00e7in kimlik ibraz\u0131 zorunludur.<\/li><\/ul><p><strong>U13 Men\/Women (2010 ve \u00fczeri do\u011fumlular)<\/strong><\/p><ul><li>13 ya\u015f ve alt\u0131 dans\u00e7\u0131lara izin verilir. 2023&#8217;de 14 ya\u015f\u0131na gireceklerse, dans\u00e7\u0131lar 15 ya\u015f alt\u0131 kategorisine ta\u015f\u0131nacakt\u0131r. G\u00fcn ve aya bak\u0131lmaks\u0131z\u0131n ya\u015f kategorilerine yerle\u015ftirilir. Ya\u015f, do\u011fum y\u0131l\u0131 ile ili\u015fkilidir.<\/li><li>Yar\u0131\u015fmac\u0131 say\u0131s\u0131na g\u00f6re dans\u00e7\u0131lar Erkek ve Bayan olarak ayr\u0131lacakt\u0131r.<\/li><li>Bayan dans\u00e7\u0131lar i\u00e7in topuklu dans ayakkab\u0131s\u0131 zorunludur.<\/li><li>Bu kategori i\u00e7in kimlik ibraz\u0131 zorunludur.<\/li><\/ul><div><p><span style=\"font-weight: bolder;\">U15 Men\/Women (2008 ve \u00fczeri do\u011fumlular)<\/span><\/p><ul><li>15 ya\u015f ve alt\u0131 dans\u00e7\u0131lara izin verilir. 2023&#8217;de 16 ya\u015f\u0131na gireceklerse, dans\u00e7\u0131lar 17 ya\u015f alt\u0131 kategorisine ta\u015f\u0131nacakt\u0131r. G\u00fcn ve aya bak\u0131lmaks\u0131z\u0131n ya\u015f kategorilerine yerle\u015ftirilir. Ya\u015f, do\u011fum y\u0131l\u0131 ile ili\u015fkilidir.<\/li><li>Yar\u0131\u015fmac\u0131 say\u0131s\u0131na g\u00f6re dans\u00e7\u0131lar Erkek ve Bayan olarak ayr\u0131lacakt\u0131r.<\/li><li>Bayan dans\u00e7\u0131lar i\u00e7in topuklu dans ayakkab\u0131s\u0131 zorunludur.<\/li><li>Bu kategori i\u00e7in kimlik ibraz\u0131 zorunludur.<\/li><\/ul><\/div><p><strong>U17 Men\/Women (2006 ve \u00fczeri do\u011fumlular)<\/strong><\/p><ul><li>17 ya\u015f ve alt\u0131 dans\u00e7\u0131lara izin verilir. G\u00fcn ve aya bak\u0131lmaks\u0131z\u0131n ya\u015f kategorilerine yerle\u015ftirilir. Ya\u015f, do\u011fum y\u0131l\u0131 ile ili\u015fkilidir.<\/li><li>Yar\u0131\u015fmac\u0131 say\u0131s\u0131na g\u00f6re dans\u00e7\u0131lar Erkek ve Bayan olarak ayr\u0131lacakt\u0131r.<\/li><li>Profesyonel dans\u00e7\u0131lar, 18 ya\u015f\u0131nda veya b\u00fcy\u00fck dans\u00e7\u0131lar bu kategoriye al\u0131nmamaktad\u0131r.<\/li><li>Di\u011fer t\u00fcm dans\u00e7\u0131lar bu kategoriye kabul edilir.<\/li><li>Bayan dans\u00e7\u0131lar i\u00e7in topuklu dans ayakkab\u0131s\u0131 zorunludur.<\/li><li>Bu kategori i\u00e7in kimlik ibraz\u0131 zorunludur.<\/li><\/ul><p><strong>Amateur\u00a0Men\/Women<\/strong><\/p><ul><li>Amat\u00f6rler, hen\u00fcz profesyonel dans\u00e7\u0131 olmayanlar: dans \u00f6\u011frencileri, acemi dans\u00e7\u0131lar (gruplarla ve\/veya \u00f6\u011fretmenleriyle dans edenler), i\u015f olarak dans etmeyen yar\u0131\u015fmac\u0131lar bu kategoriden girebilirler.<\/li><li>Profesyonel olanlar ve ilk i\u015f olarak dans edenler bu kategoride yar\u0131\u015famazlar.<\/li><li>Di\u011fer t\u00fcm yar\u0131\u015fmac\u0131lara izin verilir.<\/li><li>Bayan dans\u00e7\u0131lar i\u00e7in topuklu dans ayakkab\u0131s\u0131 zorunludur.<\/li><\/ul><p><strong>Gold\u00a0Men\/Women<\/strong><\/p><ul><li>Profesyoneller, bu alanda \u00f6ncelikle icrac\u0131 ve\/veya \u00f6\u011fretmen olarak \u00e7al\u0131\u015fan ki\u015filerdir. Yani ilk i\u015f olarak dans e\u011fitmenli\u011fi yapan, sahne dans\u00e7\u0131s\u0131 olan ya da benzer bir i\u015f kolunda \u00e7al\u0131\u015f\u0131p danstan kazand\u0131\u011f\u0131 gelir ile hayat\u0131n\u0131 s\u00fcrd\u00fcren ki\u015filerdir.<\/li><li>Di\u011fer kategorilerdeki di\u011fer t\u00fcm yar\u0131\u015fmac\u0131lar bu kategoriye girebilir.<\/li><li>Bayan dans\u00e7\u0131lar i\u00e7in topuklu dans ayakkab\u0131s\u0131 zorunludur.<\/li><\/ul><p><strong>35+ Men\/Women (1988 ve alt\u0131 do\u011fumlular)<\/strong><\/p><ul><li>Yar\u0131\u015fma y\u0131l\u0131 i\u00e7inde 35 ya\u015f ve \u00fczeri performans sergileyen kat\u0131l\u0131mc\u0131lar bu kategoriye girmeye hak kazan\u0131r.<\/li><li>Yar\u0131\u015fmac\u0131 say\u0131s\u0131na g\u00f6re dans\u00e7\u0131lar Bay ve Bayan olarak ayr\u0131lacakt\u0131r.<\/li><li>Bayan dans\u00e7\u0131lar i\u00e7in topuklu dans ayakkab\u0131s\u0131 zorunludur.<\/li><\/ul><p><strong>A M\u0130 MANERA PRO\/U15\/U13\/U10<\/strong><\/p><ul><li>Bu kategori tamamen \u00f6zg\u00fcrl\u00fc\u011fe adanm\u0131\u015ft\u0131r. J\u00fcri yar\u0131\u015fmac\u0131lar\u0131n cinsiyetini dikkate almayacakt\u0131r, Yo\u011funlukla farkl\u0131 dans kullan\u0131mlar\u0131 \u00f6nemlidir ve m\u00fczikalite i\u00e7inde kal\u0131rken tercih ettikleri tarzda da dans edebileceklerdir.<\/li><li>U15, U13, U10, Profesyonel kategori olmak \u00fczere 4 kategoride a\u00e7\u0131lacakt\u0131r.<\/li><li>Sadece %10 Salsa dans\u0131n\u0131n yan\u0131nda; Contemporary, Reggaeton, Afro, Hip Hop, Modern Dans, Street Styles vb. Bir \u00e7ok farkl\u0131 dans tarz\u0131 %90 oran\u0131nda kullan\u0131labilir.<\/li><li>Dans\u00e7\u0131lar, dans karakterlerinin ve stillerinin ruhuna uygun k\u0131yafet se\u00e7iminde \u00f6zg\u00fcrd\u00fcr.<\/li><li>Her t\u00fcrl\u00fc ayakkab\u0131 kullan\u0131labilir. (topuklu ayakkab\u0131, spor ayakkab\u0131s\u0131, babet, yal\u0131n ayak, \u00e7orap vb.).<\/li><\/ul><div><p><span style=\"font-weight: bolder;\">U10, U13, Amateur First Time\u00a0Men\/Women<\/span><\/p><ul><li>&#8220;First Time&#8221; kategorisi daha \u00f6nce hi\u00e7 bir yerde Salsanama&#8217;da yar\u0131\u015fmam\u0131\u015f ki\u015filerin girebildi\u011fi bir kategoridir. U10, U13 ve Amat\u00f6r kategorilerinde kad\u0131n\/erkek birlikte yar\u0131\u015f\u0131rlar.<\/li><li>Profesyonel olanlar ve ilk i\u015f olarak dans edenler Amat\u00f6r kategorisinde yar\u0131\u015famazlar. U13 ve U10 kategorilerinde yar\u0131\u015facaklar ya\u015f kategorileri kurallar\u0131 ge\u00e7erlidir.\u00a0<\/li><li>Bayan dans\u00e7\u0131lar i\u00e7in topuklu dans ayakkab\u0131s\u0131 zorunludur.<\/li><li>Daha \u00f6nceden Salsanama&#8217;da yar\u0131\u015ft\u0131\u011f\u0131 tespit edilen yar\u0131\u015fmac\u0131 diskalifiye olur.<\/li><\/ul><\/div>\t\t\t\t\t\t\t\t<\/div>\n\t\t\t\t\t<\/div>\n\t\t<\/div>\n\t\t\t\t\t<\/div>\n\t\t<\/section>\n\t\t\t\t<section class=\"elementor-section elementor-top-section elementor-element elementor-element-193c elementor-section-boxed elementor-section-height-default elementor-section-height-default\" data-id=\"193c\" data-element_type=\"section\" data-settings=\"{&quot;background_background&quot;:&quot;classic&quot;}\">\n\t\t\t\t\t\t\t<div class=\"elementor-background-overlay\"><\/div>\n\t\t\t\t\t\t\t<div class=\"elementor-container elementor-column-gap-default\">\n\t\t\t\t\t<div class=\"elementor-column elementor-col-100 elementor-top-column elementor-element elementor-element-2f2f\" data-id=\"2f2f\" data-element_type=\"column\">\n\t\t\t<div class=\"elementor-widget-wrap elementor-element-populated\">\n\t\t\t\t\t\t<div class=\"elementor-element elementor-element-690e elementor-align-center elementor-widget elementor-widget-button\" data-id=\"690e\" data-element_type=\"widget\" data-settings=\"{&quot;ekit_we_effect_on&quot;:&quot;none&quot;}\" data-widget_type=\"button.default\">\n\t\t\t\t\t\t\t\t\t\t<a class=\"elementor-button elementor-button-link elementor-size-md\" href=\"https:\/\/salsanamaturkey.com\/basvuru\">\n\t\t\t\t\t\t<span class=\"elementor-button-content-wrapper\">\n\t\t\t\t\t\t\t\t\t<span class=\"elementor-button-text\">Hemen Ba\u015fvur<\/span>\n\t\t\t\t\t<\/span>\n\t\t\t\t\t<\/a>\n\t\t\t\t\t\t\t\t<\/div>\n\t\t\t\t\t<\/div>\n\t\t<\/div>\n\t\t\t\t\t<\/div>\n\t\t<\/section>\n\t\t\t\t<\/div>\n\t\t","protected":false},"excerpt":{"rendered":"<p>Bu sistem playoff dahil t\u00fcm kategoriler i\u00e7in ge\u00e7erlidir. Yar\u0131\u015fmac\u0131lar 1 vs 1 olarak solo do\u011fa\u00e7lama performans sergileyeceklerdir. Performans g\u00f6sterecekleri \u015fark\u0131 kura ile belirlenecektir. Her yar\u0131\u015fmac\u0131 iki kez 40 saniye olarak yar\u0131\u015facaklard\u0131r. Kurada ismi ilk \u00e7\u0131kan yar\u0131\u015fmac\u0131 ba\u015flang\u0131\u00e7 performans\u0131n\u0131 sergileyecektir. Karayip danslar\u0131n\u0131n tamam\u0131 (Rumba, Afro, Pachanga, Reggaeton vs) kullan\u0131labilir. Akrobatik hareketlerin kullan\u0131m\u0131 serbesttir ancak m\u00fczikle ve [&hellip;]<\/p>\n","protected":false},"author":1,"featured_media":0,"parent":0,"menu_order":0,"comment_status":"closed","ping_status":"closed","template":"template\/full-width-template.php","meta":{"footnotes":""},"class_list":["post-2139","page","type-page","status-publish","hentry"],"_links":{"self":[{"href":"https:\/\/salsanamaturkey.com\/index.php?rest_route=\/wp\/v2\/pages\/2139","targetHints":{"allow":["GET"]}}],"collection":[{"href":"https:\/\/salsanamaturkey.com\/index.php?rest_route=\/wp\/v2\/pages"}],"about":[{"href":"https:\/\/salsanamaturkey.com\/index.php?rest_route=\/wp\/v2\/types\/page"}],"author":[{"embeddable":true,"href":"https:\/\/salsanamaturkey.com\/index.php?rest_route=\/wp\/v2\/users\/1"}],"replies":[{"embeddable":true,"href":"https:\/\/salsanamaturkey.com\/index.php?rest_route=%2Fwp%2Fv2%2Fcomments&post=2139"}],"version-history":[{"count":84,"href":"https:\/\/salsanamaturkey.com\/index.php?rest_route=\/wp\/v2\/pages\/2139\/revisions"}],"predecessor-version":[{"id":2883,"href":"https:\/\/salsanamaturkey.com\/index.php?rest_route=\/wp\/v2\/pages\/2139\/revisions\/2883"}],"wp:attachment":[{"href":"https:\/\/salsanamaturkey.com\/index.php?rest_route=%2Fwp%2Fv2%2Fmedia&parent=2139"}],"curies":[{"name":"wp","href":"https:\/\/api.w.org\/{rel}","templated":true}]}}